{"id":384,"date":"2025-07-30T08:51:03","date_gmt":"2025-07-30T06:51:03","guid":{"rendered":"https:\/\/waveofyoga.com\/?post_type=product&#038;p=384"},"modified":"2025-07-31T18:13:48","modified_gmt":"2025-07-31T16:13:48","slug":"cours-de-yoga-vinyasa-hotel-saint-charles-a-biarritz","status":"publish","type":"product","link":"https:\/\/waveofyoga.com\/en\/product\/cours-de-yoga-vinyasa-hotel-saint-charles-a-biarritz\/","title":{"rendered":"Vinyasa Yoga Class in Biarritz"},"content":{"rendered":"<p data-start=\"285\" data-end=\"354\">Every Tuesday morning from 9:00 to 10:15 AM, I offer a Vinyasa class in Biarritz, on the wooden outdoor terrace of H\u00f4tel Saint Charles.<\/p>\n<p data-start=\"361\" data-end=\"492\">The class is open to everyone, regardless of your flexibility or whether you already practice yoga or want to discover it.<br \/>\n<br data-start=\"417\" data-end=\"420\" \/>The class lasts 1 hour and 15 minutes, in a small group of up to 10 people, in a beautiful spot in the heart of Biarritz.<\/p>\n<p data-start=\"499\" data-end=\"572\">The class theme is revealed on my Instagram a few days in advance if you'd like to know more. <a href=\"https:\/\/www.instagram.com\/carolineromerocortell\/\" target=\"_blank\" rel=\"noopener\">mon instagram<\/a> quelques jours avant si vous avez envie d&rsquo;en savoir plus.<\/p>","protected":false},"excerpt":{"rendered":"<p>Chaque mardi matin de 9h \u00e0 10h15, je propose un cours de Vinyasa \u00e0 Biarritz, sur la terrasse ext\u00e9rieure en bois de l&rsquo;H\u00f4tel Saint Charles. Le cours est accessible \u00e0 toutes, peu importe votre niveau de souplesse et si vous pratiquez d\u00e9j\u00e0 le yoga ou que vous souhaitez d\u00e9couvrir. Le cours dure 1h15, en petit [&hellip;]<\/p>\n","protected":false},"featured_media":74,"template":"","meta":[],"product_brand":[],"product_cat":[16],"product_tag":[],"class_list":{"0":"post-384","1":"product","2":"type-product","3":"status-publish","4":"has-post-thumbnail","6":"product_cat-non-classe","8":"first","9":"instock","10":"virtual","11":"purchasable","12":"product-type-simple"},"yoast_head":"<!-- This site is optimized with the Yoast SEO plugin v27.4 - https:\/\/yoast.com\/product\/yoast-seo-wordpress\/ -->\n<title>Cours de Yoga Vinyasa \u00e0 Biarritz \u2013 H\u00f4tel Saint Charles Biarritz<\/title>\n<meta name=\"description\" content=\"Cours de yoga Vinyasa \u00e0 Biarritz tous les mardis \u00e0 9h. Un moment accessible, doux et ancr\u00e9. R\u00e9servation en ligne pratique.\" \/>\n<meta name=\"robots\" content=\"index, follow, max-snippet:-1, max-image-preview:large, max-video-preview:-1\" \/>\n<link rel=\"canonical\" href=\"https:\/\/waveofyoga.com\/en\/product\/cours-de-yoga-vinyasa-hotel-saint-charles-a-biarritz\/\" \/>\n<meta property=\"og:locale\" content=\"en_US\" \/>\n<meta property=\"og:type\" content=\"article\" \/>\n<meta property=\"og:title\" content=\"Cours de Yoga Vinyasa \u00e0 Biarritz \u2013 H\u00f4tel Saint Charles Biarritz\" \/>\n<meta property=\"og:description\" content=\"Cours de yoga Vinyasa \u00e0 Biarritz tous les mardis \u00e0 9h. Un moment accessible, doux et ancr\u00e9. R\u00e9servation en ligne pratique.\" \/>\n<meta property=\"og:url\" content=\"https:\/\/waveofyoga.com\/en\/product\/cours-de-yoga-vinyasa-hotel-saint-charles-a-biarritz\/\" \/>\n<meta property=\"og:site_name\" content=\"Wave of Yoga Biarritz\" \/>\n<meta property=\"article:modified_time\" content=\"2025-07-31T16:13:48+00:00\" \/>\n<meta property=\"og:image\" content=\"https:\/\/waveofyoga.com\/wp-content\/uploads\/2025\/06\/yoga-20-sur-47-min-scaled.jpg\" \/>\n\t<meta property=\"og:image:width\" content=\"1707\" \/>\n\t<meta property=\"og:image:height\" content=\"2560\" \/>\n\t<meta property=\"og:image:type\" content=\"image\/jpeg\" \/>\n<meta name=\"twitter:card\" content=\"summary_large_image\" \/>\n<meta name=\"twitter:label1\" content=\"Est. reading time\" \/>\n\t<meta name=\"twitter:data1\" content=\"1 minute\" \/>\n<script type=\"application\/ld+json\" class=\"yoast-schema-graph\">{\"@context\":\"https:\\\/\\\/schema.org\",\"@graph\":[{\"@type\":\"WebPage\",\"@id\":\"https:\\\/\\\/waveofyoga.com\\\/produit\\\/cours-de-yoga-vinyasa-hotel-saint-charles-a-biarritz\\\/\",\"url\":\"https:\\\/\\\/waveofyoga.com\\\/produit\\\/cours-de-yoga-vinyasa-hotel-saint-charles-a-biarritz\\\/\",\"name\":\"Cours de Yoga Vinyasa \u00e0 Biarritz \u2013 H\u00f4tel Saint Charles Biarritz\",\"isPartOf\":{\"@id\":\"https:\\\/\\\/waveofyoga.com\\\/#website\"},\"primaryImageOfPage\":{\"@id\":\"https:\\\/\\\/waveofyoga.com\\\/produit\\\/cours-de-yoga-vinyasa-hotel-saint-charles-a-biarritz\\\/#primaryimage\"},\"image\":{\"@id\":\"https:\\\/\\\/waveofyoga.com\\\/produit\\\/cours-de-yoga-vinyasa-hotel-saint-charles-a-biarritz\\\/#primaryimage\"},\"thumbnailUrl\":\"https:\\\/\\\/waveofyoga.com\\\/wp-content\\\/uploads\\\/2025\\\/06\\\/yoga-20-sur-47-min-scaled.jpg\",\"datePublished\":\"2025-07-30T06:51:03+00:00\",\"dateModified\":\"2025-07-31T16:13:48+00:00\",\"description\":\"Cours de yoga Vinyasa \u00e0 Biarritz tous les mardis \u00e0 9h. Un moment accessible, doux et ancr\u00e9. R\u00e9servation en ligne pratique.\",\"breadcrumb\":{\"@id\":\"https:\\\/\\\/waveofyoga.com\\\/produit\\\/cours-de-yoga-vinyasa-hotel-saint-charles-a-biarritz\\\/#breadcrumb\"},\"inLanguage\":\"en-US\",\"potentialAction\":[{\"@type\":\"ReadAction\",\"target\":[\"https:\\\/\\\/waveofyoga.com\\\/produit\\\/cours-de-yoga-vinyasa-hotel-saint-charles-a-biarritz\\\/\"]}]},{\"@type\":\"ImageObject\",\"inLanguage\":\"en-US\",\"@id\":\"https:\\\/\\\/waveofyoga.com\\\/produit\\\/cours-de-yoga-vinyasa-hotel-saint-charles-a-biarritz\\\/#primaryimage\",\"url\":\"https:\\\/\\\/waveofyoga.com\\\/wp-content\\\/uploads\\\/2025\\\/06\\\/yoga-20-sur-47-min-scaled.jpg\",\"contentUrl\":\"https:\\\/\\\/waveofyoga.com\\\/wp-content\\\/uploads\\\/2025\\\/06\\\/yoga-20-sur-47-min-scaled.jpg\",\"width\":1707,\"height\":2560},{\"@type\":\"BreadcrumbList\",\"@id\":\"https:\\\/\\\/waveofyoga.com\\\/produit\\\/cours-de-yoga-vinyasa-hotel-saint-charles-a-biarritz\\\/#breadcrumb\",\"itemListElement\":[{\"@type\":\"ListItem\",\"position\":1,\"name\":\"Accueil\",\"item\":\"https:\\\/\\\/waveofyoga.com\\\/\"},{\"@type\":\"ListItem\",\"position\":2,\"name\":\"Produits\",\"item\":\"https:\\\/\\\/waveofyoga.com\\\/boutique__trashed\\\/\"},{\"@type\":\"ListItem\",\"position\":3,\"name\":\"Cours de Yoga Vinyasa \u00e0 Biarritz\"}]},{\"@type\":\"WebSite\",\"@id\":\"https:\\\/\\\/waveofyoga.com\\\/#website\",\"url\":\"https:\\\/\\\/waveofyoga.com\\\/\",\"name\":\"Wave of Yoga Biarritz\",\"description\":\"Cours de yoga \u00e0 Biarritz | Caroline Romero Cortell\",\"publisher\":{\"@id\":\"https:\\\/\\\/waveofyoga.com\\\/#organization\"},\"potentialAction\":[{\"@type\":\"SearchAction\",\"target\":{\"@type\":\"EntryPoint\",\"urlTemplate\":\"https:\\\/\\\/waveofyoga.com\\\/?s={search_term_string}\"},\"query-input\":{\"@type\":\"PropertyValueSpecification\",\"valueRequired\":true,\"valueName\":\"search_term_string\"}}],\"inLanguage\":\"en-US\"},{\"@type\":\"Organization\",\"@id\":\"https:\\\/\\\/waveofyoga.com\\\/#organization\",\"name\":\"Wave of Yoga Biarritz\",\"url\":\"https:\\\/\\\/waveofyoga.com\\\/\",\"logo\":{\"@type\":\"ImageObject\",\"inLanguage\":\"en-US\",\"@id\":\"https:\\\/\\\/waveofyoga.com\\\/#\\\/schema\\\/logo\\\/image\\\/\",\"url\":\"https:\\\/\\\/waveofyoga.com\\\/wp-content\\\/uploads\\\/2025\\\/06\\\/WOY-Logo-Complet.png\",\"contentUrl\":\"https:\\\/\\\/waveofyoga.com\\\/wp-content\\\/uploads\\\/2025\\\/06\\\/WOY-Logo-Complet.png\",\"width\":1419,\"height\":455,\"caption\":\"Wave of Yoga Biarritz\"},\"image\":{\"@id\":\"https:\\\/\\\/waveofyoga.com\\\/#\\\/schema\\\/logo\\\/image\\\/\"},\"sameAs\":[\"https:\\\/\\\/www.instagram.com\\\/carolineromerocortell\\\/\"]}]}<\/script>\n<!-- \/ Yoast SEO plugin. -->","yoast_head_json":{"title":"Cours de Yoga Vinyasa \u00e0 Biarritz \u2013 H\u00f4tel Saint Charles Biarritz","description":"Cours de yoga Vinyasa \u00e0 Biarritz tous les mardis \u00e0 9h. Un moment accessible, doux et ancr\u00e9. R\u00e9servation en ligne pratique.","robots":{"index":"index","follow":"follow","max-snippet":"max-snippet:-1","max-image-preview":"max-image-preview:large","max-video-preview":"max-video-preview:-1"},"canonical":"https:\/\/waveofyoga.com\/en\/product\/cours-de-yoga-vinyasa-hotel-saint-charles-a-biarritz\/","og_locale":"en_US","og_type":"article","og_title":"Cours de Yoga Vinyasa \u00e0 Biarritz \u2013 H\u00f4tel Saint Charles Biarritz","og_description":"Cours de yoga Vinyasa \u00e0 Biarritz tous les mardis \u00e0 9h. Un moment accessible, doux et ancr\u00e9. R\u00e9servation en ligne pratique.","og_url":"https:\/\/waveofyoga.com\/en\/product\/cours-de-yoga-vinyasa-hotel-saint-charles-a-biarritz\/","og_site_name":"Wave of Yoga Biarritz","article_modified_time":"2025-07-31T16:13:48+00:00","og_image":[{"width":1707,"height":2560,"url":"https:\/\/waveofyoga.com\/wp-content\/uploads\/2025\/06\/yoga-20-sur-47-min-scaled.jpg","type":"image\/jpeg"}],"twitter_card":"summary_large_image","twitter_misc":{"Est. reading time":"1 minute"},"schema":{"@context":"https:\/\/schema.org","@graph":[{"@type":"WebPage","@id":"https:\/\/waveofyoga.com\/produit\/cours-de-yoga-vinyasa-hotel-saint-charles-a-biarritz\/","url":"https:\/\/waveofyoga.com\/produit\/cours-de-yoga-vinyasa-hotel-saint-charles-a-biarritz\/","name":"Cours de Yoga Vinyasa \u00e0 Biarritz \u2013 H\u00f4tel Saint Charles Biarritz","isPartOf":{"@id":"https:\/\/waveofyoga.com\/#website"},"primaryImageOfPage":{"@id":"https:\/\/waveofyoga.com\/produit\/cours-de-yoga-vinyasa-hotel-saint-charles-a-biarritz\/#primaryimage"},"image":{"@id":"https:\/\/waveofyoga.com\/produit\/cours-de-yoga-vinyasa-hotel-saint-charles-a-biarritz\/#primaryimage"},"thumbnailUrl":"https:\/\/waveofyoga.com\/wp-content\/uploads\/2025\/06\/yoga-20-sur-47-min-scaled.jpg","datePublished":"2025-07-30T06:51:03+00:00","dateModified":"2025-07-31T16:13:48+00:00","description":"Cours de yoga Vinyasa \u00e0 Biarritz tous les mardis \u00e0 9h. Un moment accessible, doux et ancr\u00e9. R\u00e9servation en ligne pratique.","breadcrumb":{"@id":"https:\/\/waveofyoga.com\/produit\/cours-de-yoga-vinyasa-hotel-saint-charles-a-biarritz\/#breadcrumb"},"inLanguage":"en-US","potentialAction":[{"@type":"ReadAction","target":["https:\/\/waveofyoga.com\/produit\/cours-de-yoga-vinyasa-hotel-saint-charles-a-biarritz\/"]}]},{"@type":"ImageObject","inLanguage":"en-US","@id":"https:\/\/waveofyoga.com\/produit\/cours-de-yoga-vinyasa-hotel-saint-charles-a-biarritz\/#primaryimage","url":"https:\/\/waveofyoga.com\/wp-content\/uploads\/2025\/06\/yoga-20-sur-47-min-scaled.jpg","contentUrl":"https:\/\/waveofyoga.com\/wp-content\/uploads\/2025\/06\/yoga-20-sur-47-min-scaled.jpg","width":1707,"height":2560},{"@type":"BreadcrumbList","@id":"https:\/\/waveofyoga.com\/produit\/cours-de-yoga-vinyasa-hotel-saint-charles-a-biarritz\/#breadcrumb","itemListElement":[{"@type":"ListItem","position":1,"name":"Accueil","item":"https:\/\/waveofyoga.com\/"},{"@type":"ListItem","position":2,"name":"Produits","item":"https:\/\/waveofyoga.com\/boutique__trashed\/"},{"@type":"ListItem","position":3,"name":"Cours de Yoga Vinyasa \u00e0 Biarritz"}]},{"@type":"WebSite","@id":"https:\/\/waveofyoga.com\/#website","url":"https:\/\/waveofyoga.com\/","name":"Wave of Yoga Biarritz","description":"Cours de yoga \u00e0 Biarritz | Caroline Romero Cortell","publisher":{"@id":"https:\/\/waveofyoga.com\/#organization"},"potentialAction":[{"@type":"SearchAction","target":{"@type":"EntryPoint","urlTemplate":"https:\/\/waveofyoga.com\/?s={search_term_string}"},"query-input":{"@type":"PropertyValueSpecification","valueRequired":true,"valueName":"search_term_string"}}],"inLanguage":"en-US"},{"@type":"Organization","@id":"https:\/\/waveofyoga.com\/#organization","name":"Wave of Yoga Biarritz","url":"https:\/\/waveofyoga.com\/","logo":{"@type":"ImageObject","inLanguage":"en-US","@id":"https:\/\/waveofyoga.com\/#\/schema\/logo\/image\/","url":"https:\/\/waveofyoga.com\/wp-content\/uploads\/2025\/06\/WOY-Logo-Complet.png","contentUrl":"https:\/\/waveofyoga.com\/wp-content\/uploads\/2025\/06\/WOY-Logo-Complet.png","width":1419,"height":455,"caption":"Wave of Yoga Biarritz"},"image":{"@id":"https:\/\/waveofyoga.com\/#\/schema\/logo\/image\/"},"sameAs":["https:\/\/www.instagram.com\/carolineromerocortell\/"]}]}},"_links":{"self":[{"href":"https:\/\/waveofyoga.com\/en\/wp-json\/wp\/v2\/product\/384","targetHints":{"allow":["GET"]}}],"collection":[{"href":"https:\/\/waveofyoga.com\/en\/wp-json\/wp\/v2\/product"}],"about":[{"href":"https:\/\/waveofyoga.com\/en\/wp-json\/wp\/v2\/types\/product"}],"wp:featuredmedia":[{"embeddable":true,"href":"https:\/\/waveofyoga.com\/en\/wp-json\/wp\/v2\/media\/74"}],"wp:attachment":[{"href":"https:\/\/waveofyoga.com\/en\/wp-json\/wp\/v2\/media?parent=384"}],"wp:term":[{"taxonomy":"product_brand","embeddable":true,"href":"https:\/\/waveofyoga.com\/en\/wp-json\/wp\/v2\/product_brand?post=384"},{"taxonomy":"product_cat","embeddable":true,"href":"https:\/\/waveofyoga.com\/en\/wp-json\/wp\/v2\/product_cat?post=384"},{"taxonomy":"product_tag","embeddable":true,"href":"https:\/\/waveofyoga.com\/en\/wp-json\/wp\/v2\/product_tag?post=384"}],"curies":[{"name":"wp","href":"https:\/\/api.w.org\/{rel}","templated":true}]}}