{"id":667,"date":"2026-03-23T10:19:23","date_gmt":"2026-03-23T09:19:23","guid":{"rendered":"https:\/\/waveofyoga.com\/?page_id=667"},"modified":"2026-03-23T16:12:50","modified_gmt":"2026-03-23T15:12:50","slug":"mon-parcours","status":"publish","type":"page","link":"https:\/\/waveofyoga.com\/en\/mon-parcours\/","title":{"rendered":"Mon parcours"},"content":{"rendered":"\t\t<div data-elementor-type=\"wp-page\" data-elementor-id=\"667\" class=\"elementor elementor-667\" data-elementor-post-type=\"page\">\n\t\t\t\t<div class=\"elementor-element elementor-element-ab4d888 e-grid e-con-full e-con e-parent\" data-id=\"ab4d888\" data-element_type=\"container\" data-e-type=\"container\" data-settings=\"{&quot;background_background&quot;:&quot;classic&quot;}\">\n\t\t\t\t<div class=\"elementor-element elementor-element-41cd621 elementor-widget elementor-widget-heading\" data-id=\"41cd621\" data-element_type=\"widget\" data-e-type=\"widget\" data-widget_type=\"heading.default\">\n\t\t\t\t<div class=\"elementor-widget-container\">\n\t\t\t\t\t<h1 class=\"elementor-heading-title elementor-size-default\">Mes <br>\nFormations<br><\/h1>\t\t\t\t<\/div>\n\t\t\t\t<\/div>\n\t\t\t\t<div class=\"elementor-element elementor-element-493bc0e elementor-widget elementor-widget-spacer\" data-id=\"493bc0e\" data-element_type=\"widget\" data-e-type=\"widget\" data-widget_type=\"spacer.default\">\n\t\t\t\t<div class=\"elementor-widget-container\">\n\t\t\t\t\t\t\t<div class=\"elementor-spacer\">\n\t\t\t<div class=\"elementor-spacer-inner\"><\/div>\n\t\t<\/div>\n\t\t\t\t\t\t<\/div>\n\t\t\t\t<\/div>\n\t\t\t\t<\/div>\n\t\t\t\t<section class=\"elementor-section elementor-top-section elementor-element elementor-element-76df9837 elementor-section-full_width elementor-section-stretched elementor-section-height-default elementor-section-height-default\" data-id=\"76df9837\" data-element_type=\"section\" data-e-type=\"section\" data-settings=\"{&quot;stretch_section&quot;:&quot;section-stretched&quot;,&quot;background_background&quot;:&quot;classic&quot;}\">\n\t\t\t\t\t\t<div class=\"elementor-container elementor-column-gap-default\">\n\t\t\t\t\t<div class=\"elementor-column elementor-col-100 elementor-top-column elementor-element elementor-element-1aaa79e7\" data-id=\"1aaa79e7\" data-element_type=\"column\" data-e-type=\"column\" data-settings=\"{&quot;background_background&quot;:&quot;classic&quot;}\">\n\t\t\t<div class=\"elementor-widget-wrap elementor-element-populated\">\n\t\t\t\t<div class=\"elementor-element elementor-element-25f3a61f e-flex e-con-boxed e-con e-parent\" data-id=\"25f3a61f\" data-element_type=\"container\" data-e-type=\"container\" data-settings=\"{&quot;background_background&quot;:&quot;classic&quot;}\">\n\t\t\t\t\t<div class=\"e-con-inner\">\n\t\t<div class=\"elementor-element elementor-element-4389f419 e-con-full e-flex e-con e-child\" data-id=\"4389f419\" data-element_type=\"container\" data-e-type=\"container\" data-settings=\"{&quot;background_background&quot;:&quot;classic&quot;}\">\n\t\t<div class=\"elementor-element elementor-element-f280056 e-con-full e-flex e-con e-child\" data-id=\"f280056\" data-element_type=\"container\" data-e-type=\"container\" data-settings=\"{&quot;motion_fx_motion_fx_scrolling&quot;:&quot;yes&quot;,&quot;motion_fx_translateY_effect&quot;:&quot;yes&quot;,&quot;motion_fx_devices&quot;:[&quot;mobile&quot;],&quot;motion_fx_translateY_speed&quot;:{&quot;unit&quot;:&quot;px&quot;,&quot;size&quot;:2,&quot;sizes&quot;:[]},&quot;background_background&quot;:&quot;classic&quot;,&quot;motion_fx_translateY_affectedRange&quot;:{&quot;unit&quot;:&quot;%&quot;,&quot;size&quot;:&quot;&quot;,&quot;sizes&quot;:{&quot;start&quot;:0,&quot;end&quot;:100}}}\">\n\t\t\t\t<div class=\"elementor-element elementor-element-12831ef2 elementor-widget elementor-widget-image\" data-id=\"12831ef2\" data-element_type=\"widget\" data-e-type=\"widget\" data-widget_type=\"image.default\">\n\t\t\t\t<div class=\"elementor-widget-container\">\n\t\t\t\t\t\t\t\t\t\t\t\t\t\t\t<img decoding=\"async\" src=\"https:\/\/waveofyoga.com\/wp-content\/uploads\/elementor\/thumbs\/IMG_7573-rkxdi7ido1m2mawehip9h5l6yr8xqkak8ejwoo5obc.jpg\" title=\"Screenshot\" alt=\"Screenshot\" loading=\"lazy\" \/>\t\t\t\t\t\t\t\t\t\t\t\t\t\t\t<\/div>\n\t\t\t\t<\/div>\n\t\t\t\t<\/div>\n\t\t<div class=\"elementor-element elementor-element-9c93ebf e-con-full e-flex e-con e-child\" data-id=\"9c93ebf\" data-element_type=\"container\" data-e-type=\"container\" data-settings=\"{&quot;motion_fx_motion_fx_scrolling&quot;:&quot;yes&quot;,&quot;motion_fx_translateY_effect&quot;:&quot;yes&quot;,&quot;motion_fx_translateY_speed&quot;:{&quot;unit&quot;:&quot;px&quot;,&quot;size&quot;:2,&quot;sizes&quot;:[]},&quot;background_background&quot;:&quot;classic&quot;,&quot;motion_fx_translateY_affectedRange&quot;:{&quot;unit&quot;:&quot;%&quot;,&quot;size&quot;:&quot;&quot;,&quot;sizes&quot;:{&quot;start&quot;:0,&quot;end&quot;:100}},&quot;motion_fx_devices&quot;:[&quot;desktop&quot;,&quot;tablet&quot;,&quot;mobile&quot;]}\">\n\t\t\t\t<div class=\"elementor-element elementor-element-93d707d elementor-widget elementor-widget-heading\" data-id=\"93d707d\" data-element_type=\"widget\" data-e-type=\"widget\" data-widget_type=\"heading.default\">\n\t\t\t\t<div class=\"elementor-widget-container\">\n\t\t\t\t\t<h2 class=\"elementor-heading-title elementor-size-default\">Breathwork<\/h2>\t\t\t\t<\/div>\n\t\t\t\t<\/div>\n\t\t\t\t<div class=\"elementor-element elementor-element-7c45b9db elementor-widget elementor-widget-text-editor\" data-id=\"7c45b9db\" data-element_type=\"widget\" data-e-type=\"widget\" data-widget_type=\"text-editor.default\">\n\t\t\t\t<div class=\"elementor-widget-container\">\n\t\t\t\t\t\t\t\t\t<p data-start=\"0\" data-end=\"47\">MIJA SCHOOL \u273a 2026<\/p><p class=\"font-claude-response-body break-words whitespace-normal leading-[1.7]\">Le breathwork est le prolongement naturel de ce que j&rsquo;explore d\u00e9j\u00e0 \u00e0 travers le pranayama : utiliser la respiration pour apaiser le mental, lib\u00e9rer les \u00e9motions et aller plus en profondeur dans le ressenti.<\/p><p class=\"font-claude-response-body break-words whitespace-normal leading-[1.7]\">Form\u00e9e aux techniques de respiration consciente, de pranayama et de respiration prfondes, j&rsquo;accompagne individus et groupes dans des s\u00e9ances structur\u00e9es, s\u00e9curis\u00e9es et adapt\u00e9es \u00e0 chacun \u2014 qu&rsquo;il s&rsquo;agisse de gestion du stress, de lib\u00e9ration \u00e9motionnelle ou simplement d&rsquo;un retour \u00e0 soi.<\/p>\t\t\t\t\t\t\t\t<\/div>\n\t\t\t\t<\/div>\n\t\t\t\t<\/div>\n\t\t\t\t<\/div>\n\t\t\t\t\t<\/div>\n\t\t\t\t<\/div>\n\t\t<div class=\"elementor-element elementor-element-ea587a9 e-flex e-con-boxed e-con e-parent\" data-id=\"ea587a9\" data-element_type=\"container\" data-e-type=\"container\" data-settings=\"{&quot;background_background&quot;:&quot;classic&quot;}\">\n\t\t\t\t\t<div class=\"e-con-inner\">\n\t\t<div class=\"elementor-element elementor-element-7ebb76b e-con-full e-flex e-con e-child\" data-id=\"7ebb76b\" data-element_type=\"container\" data-e-type=\"container\" data-settings=\"{&quot;background_background&quot;:&quot;classic&quot;}\">\n\t\t<div class=\"elementor-element elementor-element-40fc8ab e-con-full e-flex e-con e-child\" data-id=\"40fc8ab\" data-element_type=\"container\" data-e-type=\"container\" data-settings=\"{&quot;motion_fx_motion_fx_scrolling&quot;:&quot;yes&quot;,&quot;motion_fx_translateY_effect&quot;:&quot;yes&quot;,&quot;motion_fx_devices&quot;:[&quot;mobile&quot;],&quot;motion_fx_translateY_speed&quot;:{&quot;unit&quot;:&quot;px&quot;,&quot;size&quot;:2,&quot;sizes&quot;:[]},&quot;background_background&quot;:&quot;classic&quot;,&quot;motion_fx_translateY_affectedRange&quot;:{&quot;unit&quot;:&quot;%&quot;,&quot;size&quot;:&quot;&quot;,&quot;sizes&quot;:{&quot;start&quot;:0,&quot;end&quot;:100}}}\">\n\t\t\t\t<div class=\"elementor-element elementor-element-f9b1549 elementor-widget elementor-widget-image\" data-id=\"f9b1549\" data-element_type=\"widget\" data-e-type=\"widget\" data-widget_type=\"image.default\">\n\t\t\t\t<div class=\"elementor-widget-container\">\n\t\t\t\t\t\t\t\t\t\t\t\t\t\t\t<img decoding=\"async\" src=\"https:\/\/waveofyoga.com\/wp-content\/uploads\/elementor\/thumbs\/IMG_7981-scaled-1-rkxcof0j22twn869g53xy6896434rx0tsy6w3ybviw.jpg\" title=\"IMG_7981-scaled\" alt=\"IMG_7981-scaled\" loading=\"lazy\" \/>\t\t\t\t\t\t\t\t\t\t\t\t\t\t\t<\/div>\n\t\t\t\t<\/div>\n\t\t\t\t<\/div>\n\t\t<div class=\"elementor-element elementor-element-67ed586 e-con-full e-flex e-con e-child\" data-id=\"67ed586\" data-element_type=\"container\" data-e-type=\"container\" data-settings=\"{&quot;motion_fx_motion_fx_scrolling&quot;:&quot;yes&quot;,&quot;motion_fx_translateY_effect&quot;:&quot;yes&quot;,&quot;motion_fx_translateY_speed&quot;:{&quot;unit&quot;:&quot;px&quot;,&quot;size&quot;:2,&quot;sizes&quot;:[]},&quot;background_background&quot;:&quot;classic&quot;,&quot;motion_fx_translateY_affectedRange&quot;:{&quot;unit&quot;:&quot;%&quot;,&quot;size&quot;:&quot;&quot;,&quot;sizes&quot;:{&quot;start&quot;:0,&quot;end&quot;:100}},&quot;motion_fx_devices&quot;:[&quot;desktop&quot;,&quot;tablet&quot;,&quot;mobile&quot;]}\">\n\t\t\t\t<div class=\"elementor-element elementor-element-22c22a1 elementor-widget elementor-widget-heading\" data-id=\"22c22a1\" data-element_type=\"widget\" data-e-type=\"widget\" data-widget_type=\"heading.default\">\n\t\t\t\t<div class=\"elementor-widget-container\">\n\t\t\t\t\t<h2 class=\"elementor-heading-title elementor-size-default\">Vinyasa, Hatha, Asthanga &amp; Yin yoga - 300h<\/h2>\t\t\t\t<\/div>\n\t\t\t\t<\/div>\n\t\t\t\t<div class=\"elementor-element elementor-element-b7939df elementor-widget elementor-widget-text-editor\" data-id=\"b7939df\" data-element_type=\"widget\" data-e-type=\"widget\" data-widget_type=\"text-editor.default\">\n\t\t\t\t<div class=\"elementor-widget-container\">\n\t\t\t\t\t\t\t\t\t<p data-start=\"0\" data-end=\"47\">YIN YOGA BALI SCHOOL \u273a 2025<\/p><p class=\"font-claude-response-body break-words whitespace-normal leading-[1.7]\">Apr\u00e8s mon 200h, je suis repartie \u00e0 Bali pour aller plus loin et obtenir un 500h. C&rsquo;est la formation avanc\u00e9e que l&rsquo;on choisit quand on veut d\u00e9passer le cadre d&rsquo;un enseignement classique \u2014 creuser les subtilit\u00e9s du yoga, affiner sa pratique, et vraiment incarner ce que l&rsquo;on transmet.<\/p><p class=\"font-claude-response-body break-words whitespace-normal leading-[1.7]\">J&rsquo;y ai approfondi les styles Vinyasa, Hatha et Yin Yoga, avec une attention particuli\u00e8re \u00e0 l&rsquo;anatomie fonctionnelle, l&rsquo;intelligence du fascia et les variations squelettaires \u2014 pour comprendre comment adapter chaque posture \u00e0 chaque corps. J&rsquo;ai aussi explor\u00e9 le yoga th\u00e9rapeutique, pr\u00e9natal, le MyoYin et les approches somatiques et trauma-inform\u00e9es.<\/p><p class=\"font-claude-response-body break-words whitespace-normal leading-[1.7]\">En parall\u00e8le, la formation m&rsquo;a ouvert \u00e0 une lecture plus large du yoga : philosophie yogique, m\u00e9decine traditionnelle chinoise, m\u00e9ridiens et th\u00e9orie des cinq \u00e9l\u00e9ments \u2014 un cadre que j&rsquo;int\u00e8gre naturellement dans la conception de mes cours aujourd&rsquo;hui.<\/p>\t\t\t\t\t\t\t\t<\/div>\n\t\t\t\t<\/div>\n\t\t\t\t<\/div>\n\t\t\t\t<\/div>\n\t\t\t\t\t<\/div>\n\t\t\t\t<\/div>\n\t\t<div class=\"elementor-element elementor-element-cf1ff49 e-flex e-con-boxed e-con e-parent\" data-id=\"cf1ff49\" data-element_type=\"container\" data-e-type=\"container\" data-settings=\"{&quot;background_background&quot;:&quot;classic&quot;}\">\n\t\t\t\t\t<div class=\"e-con-inner\">\n\t\t<div class=\"elementor-element elementor-element-96e5f16 e-con-full e-flex e-con e-child\" data-id=\"96e5f16\" data-element_type=\"container\" data-e-type=\"container\" data-settings=\"{&quot;background_background&quot;:&quot;classic&quot;}\">\n\t\t<div class=\"elementor-element elementor-element-08abc77 e-con-full e-flex e-con e-child\" data-id=\"08abc77\" data-element_type=\"container\" data-e-type=\"container\" data-settings=\"{&quot;motion_fx_motion_fx_scrolling&quot;:&quot;yes&quot;,&quot;motion_fx_translateY_effect&quot;:&quot;yes&quot;,&quot;motion_fx_devices&quot;:[&quot;mobile&quot;],&quot;motion_fx_translateY_speed&quot;:{&quot;unit&quot;:&quot;px&quot;,&quot;size&quot;:2,&quot;sizes&quot;:[]},&quot;motion_fx_translateY_affectedRange&quot;:{&quot;unit&quot;:&quot;%&quot;,&quot;size&quot;:&quot;&quot;,&quot;sizes&quot;:{&quot;start&quot;:0,&quot;end&quot;:100}}}\">\n\t\t\t\t<div class=\"elementor-element elementor-element-1f8e246 elementor-widget elementor-widget-image\" data-id=\"1f8e246\" data-element_type=\"widget\" data-e-type=\"widget\" data-widget_type=\"image.default\">\n\t\t\t\t<div class=\"elementor-widget-container\">\n\t\t\t\t\t\t\t\t\t\t\t\t\t\t\t<img decoding=\"async\" src=\"https:\/\/waveofyoga.com\/wp-content\/uploads\/elementor\/thumbs\/3-2-rkxc3pmiighiwg8zcowsiwbq3k527xtomguujj12l4.png\" title=\"3-2.png\" alt=\"3-2.png\" loading=\"lazy\" \/>\t\t\t\t\t\t\t\t\t\t\t\t\t\t\t<\/div>\n\t\t\t\t<\/div>\n\t\t\t\t<\/div>\n\t\t<div class=\"elementor-element elementor-element-15163c0 e-con-full e-flex e-con e-child\" data-id=\"15163c0\" data-element_type=\"container\" data-e-type=\"container\" data-settings=\"{&quot;motion_fx_motion_fx_scrolling&quot;:&quot;yes&quot;,&quot;motion_fx_translateY_effect&quot;:&quot;yes&quot;,&quot;motion_fx_translateY_speed&quot;:{&quot;unit&quot;:&quot;px&quot;,&quot;size&quot;:2,&quot;sizes&quot;:[]},&quot;background_background&quot;:&quot;classic&quot;,&quot;motion_fx_translateY_affectedRange&quot;:{&quot;unit&quot;:&quot;%&quot;,&quot;size&quot;:&quot;&quot;,&quot;sizes&quot;:{&quot;start&quot;:0,&quot;end&quot;:100}},&quot;motion_fx_devices&quot;:[&quot;desktop&quot;,&quot;tablet&quot;,&quot;mobile&quot;]}\">\n\t\t\t\t<div class=\"elementor-element elementor-element-d0af5bb elementor-widget elementor-widget-heading\" data-id=\"d0af5bb\" data-element_type=\"widget\" data-e-type=\"widget\" data-widget_type=\"heading.default\">\n\t\t\t\t<div class=\"elementor-widget-container\">\n\t\t\t\t\t<h2 class=\"elementor-heading-title elementor-size-default\">Vinyasa, Hatha, Asthanga - 200h<\/h2>\t\t\t\t<\/div>\n\t\t\t\t<\/div>\n\t\t\t\t<div class=\"elementor-element elementor-element-c48d51f elementor-widget elementor-widget-text-editor\" data-id=\"c48d51f\" data-element_type=\"widget\" data-e-type=\"widget\" data-widget_type=\"text-editor.default\">\n\t\t\t\t<div class=\"elementor-widget-container\">\n\t\t\t\t\t\t\t\t\t<p data-start=\"0\" data-end=\"47\">HOUSE OF OHM BALI \u273a 2024<\/p><p class=\"font-claude-response-body break-words whitespace-normal leading-[1.7]\">C&rsquo;est ici que tout a commenc\u00e9. Le 200h, c&rsquo;est la formation fondatrice \u2014 celle qui donne les bases solides pour enseigner le yoga et obtenir sa certification internationale Yoga Alliance.<\/p><p class=\"font-claude-response-body break-words whitespace-normal leading-[1.7]\">Pendant 20 jours immersifs \u00e0 Ubud, au c\u0153ur de la jungle balinaise, j&rsquo;ai explor\u00e9 les styles Hatha, Vinyasa et Ashtanga, avec un travail approfondi sur les alignements, l&rsquo;anatomie, et la m\u00e9thodologie d&rsquo;enseignement \u2014 comment structurer un cours, guider avec la voix, ajuster les postures, adapter aux diff\u00e9rents corps.<\/p><p class=\"font-claude-response-body break-words whitespace-normal leading-[1.7]\">La formation couvrait aussi les fondements philosophiques du yoga (sutras de Patanjali, chakras, syst\u00e8mes \u00e9nerg\u00e9tiques), un large \u00e9ventail de techniques de pranayama, ainsi que la m\u00e9ditation et le yoga nidra. C&rsquo;est l\u00e0 que j&rsquo;ai vraiment compris que le yoga est bien plus qu&rsquo;une pratique physique \u2014 et que c&rsquo;est ce que je voulais transmettre.<\/p>\t\t\t\t\t\t\t\t<\/div>\n\t\t\t\t<\/div>\n\t\t\t\t<\/div>\n\t\t\t\t<\/div>\n\t\t\t\t\t<\/div>\n\t\t\t\t<\/div>\n\t\t\t\t\t<\/div>\n\t\t<\/div>\n\t\t\t\t\t<\/div>\n\t\t<\/section>\n\t\t\t\t<\/div>\n\t\t","protected":false},"excerpt":{"rendered":"<p>Mes Formations Breathwork MIJA SCHOOL \u273a 2026 Le breathwork est le prolongement naturel de ce que j&rsquo;explore d\u00e9j\u00e0 \u00e0 travers le pranayama : utiliser la respiration pour apaiser le mental, lib\u00e9rer les \u00e9motions et aller plus en profondeur dans le ressenti. Form\u00e9e aux techniques de respiration consciente, de pranayama et de respiration prfondes, j&rsquo;accompagne individus [&hellip;]<\/p>\n","protected":false},"author":1,"featured_media":0,"parent":0,"menu_order":0,"comment_status":"closed","ping_status":"closed","template":"","meta":{"footnotes":""},"class_list":["post-667","page","type-page","status-publish","hentry"],"yoast_head":"<!-- This site is optimized with the Yoast SEO plugin v27.5 - https:\/\/yoast.com\/product\/yoast-seo-wordpress\/ -->\n<title>Mon parcours - Wave of Yoga Biarritz<\/title>\n<meta name=\"robots\" content=\"index, follow, max-snippet:-1, max-image-preview:large, max-video-preview:-1\" \/>\n<link rel=\"canonical\" href=\"https:\/\/waveofyoga.com\/en\/mon-parcours\/\" \/>\n<meta property=\"og:locale\" content=\"en_US\" \/>\n<meta property=\"og:type\" content=\"article\" \/>\n<meta property=\"og:title\" content=\"Mon parcours - Wave of Yoga Biarritz\" \/>\n<meta property=\"og:description\" content=\"Mes Formations Breathwork MIJA SCHOOL \u273a 2026 Le breathwork est le prolongement naturel de ce que j&rsquo;explore d\u00e9j\u00e0 \u00e0 travers le pranayama : utiliser la respiration pour apaiser le mental, lib\u00e9rer les \u00e9motions et aller plus en profondeur dans le ressenti. Form\u00e9e aux techniques de respiration consciente, de pranayama et de respiration prfondes, j&rsquo;accompagne individus [&hellip;]\" \/>\n<meta property=\"og:url\" content=\"https:\/\/waveofyoga.com\/en\/mon-parcours\/\" \/>\n<meta property=\"og:site_name\" content=\"Wave of Yoga Biarritz\" \/>\n<meta property=\"article:modified_time\" content=\"2026-03-23T15:12:50+00:00\" \/>\n<meta property=\"og:image\" content=\"https:\/\/waveofyoga.com\/wp-content\/uploads\/elementor\/thumbs\/IMG_7573-rkxdi7ido1m2mawehip9h5l6yr8xqkak8ejwoo5obc.jpg\" \/>\n<meta name=\"twitter:card\" content=\"summary_large_image\" \/>\n<meta name=\"twitter:label1\" content=\"Est. reading time\" \/>\n\t<meta name=\"twitter:data1\" content=\"3 minutes\" \/>\n<script type=\"application\/ld+json\" class=\"yoast-schema-graph\">{\"@context\":\"https:\\\/\\\/schema.org\",\"@graph\":[{\"@type\":\"WebPage\",\"@id\":\"https:\\\/\\\/waveofyoga.com\\\/mon-parcours\\\/\",\"url\":\"https:\\\/\\\/waveofyoga.com\\\/mon-parcours\\\/\",\"name\":\"Mon parcours - Wave of Yoga Biarritz\",\"isPartOf\":{\"@id\":\"https:\\\/\\\/waveofyoga.com\\\/#website\"},\"primaryImageOfPage\":{\"@id\":\"https:\\\/\\\/waveofyoga.com\\\/mon-parcours\\\/#primaryimage\"},\"image\":{\"@id\":\"https:\\\/\\\/waveofyoga.com\\\/mon-parcours\\\/#primaryimage\"},\"thumbnailUrl\":\"https:\\\/\\\/waveofyoga.com\\\/wp-content\\\/uploads\\\/elementor\\\/thumbs\\\/IMG_7573-rkxdi7ido1m2mawehip9h5l6yr8xqkak8ejwoo5obc.jpg\",\"datePublished\":\"2026-03-23T09:19:23+00:00\",\"dateModified\":\"2026-03-23T15:12:50+00:00\",\"breadcrumb\":{\"@id\":\"https:\\\/\\\/waveofyoga.com\\\/mon-parcours\\\/#breadcrumb\"},\"inLanguage\":\"en-US\",\"potentialAction\":[{\"@type\":\"ReadAction\",\"target\":[\"https:\\\/\\\/waveofyoga.com\\\/mon-parcours\\\/\"]}]},{\"@type\":\"ImageObject\",\"inLanguage\":\"en-US\",\"@id\":\"https:\\\/\\\/waveofyoga.com\\\/mon-parcours\\\/#primaryimage\",\"url\":\"https:\\\/\\\/waveofyoga.com\\\/wp-content\\\/uploads\\\/elementor\\\/thumbs\\\/IMG_7573-rkxdi7ido1m2mawehip9h5l6yr8xqkak8ejwoo5obc.jpg\",\"contentUrl\":\"https:\\\/\\\/waveofyoga.com\\\/wp-content\\\/uploads\\\/elementor\\\/thumbs\\\/IMG_7573-rkxdi7ido1m2mawehip9h5l6yr8xqkak8ejwoo5obc.jpg\"},{\"@type\":\"BreadcrumbList\",\"@id\":\"https:\\\/\\\/waveofyoga.com\\\/mon-parcours\\\/#breadcrumb\",\"itemListElement\":[{\"@type\":\"ListItem\",\"position\":1,\"name\":\"Accueil\",\"item\":\"https:\\\/\\\/waveofyoga.com\\\/\"},{\"@type\":\"ListItem\",\"position\":2,\"name\":\"Mon parcours\"}]},{\"@type\":\"WebSite\",\"@id\":\"https:\\\/\\\/waveofyoga.com\\\/#website\",\"url\":\"https:\\\/\\\/waveofyoga.com\\\/\",\"name\":\"Wave of Yoga Biarritz\",\"description\":\"Cours de yoga \u00e0 Biarritz | Caroline Romero Cortell\",\"publisher\":{\"@id\":\"https:\\\/\\\/waveofyoga.com\\\/#organization\"},\"potentialAction\":[{\"@type\":\"SearchAction\",\"target\":{\"@type\":\"EntryPoint\",\"urlTemplate\":\"https:\\\/\\\/waveofyoga.com\\\/?s={search_term_string}\"},\"query-input\":{\"@type\":\"PropertyValueSpecification\",\"valueRequired\":true,\"valueName\":\"search_term_string\"}}],\"inLanguage\":\"en-US\"},{\"@type\":\"Organization\",\"@id\":\"https:\\\/\\\/waveofyoga.com\\\/#organization\",\"name\":\"Wave of Yoga Biarritz\",\"url\":\"https:\\\/\\\/waveofyoga.com\\\/\",\"logo\":{\"@type\":\"ImageObject\",\"inLanguage\":\"en-US\",\"@id\":\"https:\\\/\\\/waveofyoga.com\\\/#\\\/schema\\\/logo\\\/image\\\/\",\"url\":\"https:\\\/\\\/waveofyoga.com\\\/wp-content\\\/uploads\\\/2025\\\/06\\\/WOY-Logo-Complet.png\",\"contentUrl\":\"https:\\\/\\\/waveofyoga.com\\\/wp-content\\\/uploads\\\/2025\\\/06\\\/WOY-Logo-Complet.png\",\"width\":1419,\"height\":455,\"caption\":\"Wave of Yoga Biarritz\"},\"image\":{\"@id\":\"https:\\\/\\\/waveofyoga.com\\\/#\\\/schema\\\/logo\\\/image\\\/\"},\"sameAs\":[\"https:\\\/\\\/www.instagram.com\\\/carolineromerocortell\\\/\"]}]}<\/script>\n<!-- \/ Yoast SEO plugin. -->","yoast_head_json":{"title":"Mon parcours - Wave of Yoga Biarritz","robots":{"index":"index","follow":"follow","max-snippet":"max-snippet:-1","max-image-preview":"max-image-preview:large","max-video-preview":"max-video-preview:-1"},"canonical":"https:\/\/waveofyoga.com\/en\/mon-parcours\/","og_locale":"en_US","og_type":"article","og_title":"Mon parcours - Wave of Yoga Biarritz","og_description":"Mes Formations Breathwork MIJA SCHOOL \u273a 2026 Le breathwork est le prolongement naturel de ce que j&rsquo;explore d\u00e9j\u00e0 \u00e0 travers le pranayama : utiliser la respiration pour apaiser le mental, lib\u00e9rer les \u00e9motions et aller plus en profondeur dans le ressenti. Form\u00e9e aux techniques de respiration consciente, de pranayama et de respiration prfondes, j&rsquo;accompagne individus [&hellip;]","og_url":"https:\/\/waveofyoga.com\/en\/mon-parcours\/","og_site_name":"Wave of Yoga Biarritz","article_modified_time":"2026-03-23T15:12:50+00:00","og_image":[{"url":"https:\/\/waveofyoga.com\/wp-content\/uploads\/elementor\/thumbs\/IMG_7573-rkxdi7ido1m2mawehip9h5l6yr8xqkak8ejwoo5obc.jpg","type":"","width":"","height":""}],"twitter_card":"summary_large_image","twitter_misc":{"Est. reading time":"3 minutes"},"schema":{"@context":"https:\/\/schema.org","@graph":[{"@type":"WebPage","@id":"https:\/\/waveofyoga.com\/mon-parcours\/","url":"https:\/\/waveofyoga.com\/mon-parcours\/","name":"Mon parcours - Wave of Yoga Biarritz","isPartOf":{"@id":"https:\/\/waveofyoga.com\/#website"},"primaryImageOfPage":{"@id":"https:\/\/waveofyoga.com\/mon-parcours\/#primaryimage"},"image":{"@id":"https:\/\/waveofyoga.com\/mon-parcours\/#primaryimage"},"thumbnailUrl":"https:\/\/waveofyoga.com\/wp-content\/uploads\/elementor\/thumbs\/IMG_7573-rkxdi7ido1m2mawehip9h5l6yr8xqkak8ejwoo5obc.jpg","datePublished":"2026-03-23T09:19:23+00:00","dateModified":"2026-03-23T15:12:50+00:00","breadcrumb":{"@id":"https:\/\/waveofyoga.com\/mon-parcours\/#breadcrumb"},"inLanguage":"en-US","potentialAction":[{"@type":"ReadAction","target":["https:\/\/waveofyoga.com\/mon-parcours\/"]}]},{"@type":"ImageObject","inLanguage":"en-US","@id":"https:\/\/waveofyoga.com\/mon-parcours\/#primaryimage","url":"https:\/\/waveofyoga.com\/wp-content\/uploads\/elementor\/thumbs\/IMG_7573-rkxdi7ido1m2mawehip9h5l6yr8xqkak8ejwoo5obc.jpg","contentUrl":"https:\/\/waveofyoga.com\/wp-content\/uploads\/elementor\/thumbs\/IMG_7573-rkxdi7ido1m2mawehip9h5l6yr8xqkak8ejwoo5obc.jpg"},{"@type":"BreadcrumbList","@id":"https:\/\/waveofyoga.com\/mon-parcours\/#breadcrumb","itemListElement":[{"@type":"ListItem","position":1,"name":"Accueil","item":"https:\/\/waveofyoga.com\/"},{"@type":"ListItem","position":2,"name":"Mon parcours"}]},{"@type":"WebSite","@id":"https:\/\/waveofyoga.com\/#website","url":"https:\/\/waveofyoga.com\/","name":"Wave of Yoga Biarritz","description":"Cours de yoga \u00e0 Biarritz | Caroline Romero Cortell","publisher":{"@id":"https:\/\/waveofyoga.com\/#organization"},"potentialAction":[{"@type":"SearchAction","target":{"@type":"EntryPoint","urlTemplate":"https:\/\/waveofyoga.com\/?s={search_term_string}"},"query-input":{"@type":"PropertyValueSpecification","valueRequired":true,"valueName":"search_term_string"}}],"inLanguage":"en-US"},{"@type":"Organization","@id":"https:\/\/waveofyoga.com\/#organization","name":"Wave of Yoga Biarritz","url":"https:\/\/waveofyoga.com\/","logo":{"@type":"ImageObject","inLanguage":"en-US","@id":"https:\/\/waveofyoga.com\/#\/schema\/logo\/image\/","url":"https:\/\/waveofyoga.com\/wp-content\/uploads\/2025\/06\/WOY-Logo-Complet.png","contentUrl":"https:\/\/waveofyoga.com\/wp-content\/uploads\/2025\/06\/WOY-Logo-Complet.png","width":1419,"height":455,"caption":"Wave of Yoga Biarritz"},"image":{"@id":"https:\/\/waveofyoga.com\/#\/schema\/logo\/image\/"},"sameAs":["https:\/\/www.instagram.com\/carolineromerocortell\/"]}]}},"_links":{"self":[{"href":"https:\/\/waveofyoga.com\/en\/wp-json\/wp\/v2\/pages\/667","targetHints":{"allow":["GET"]}}],"collection":[{"href":"https:\/\/waveofyoga.com\/en\/wp-json\/wp\/v2\/pages"}],"about":[{"href":"https:\/\/waveofyoga.com\/en\/wp-json\/wp\/v2\/types\/page"}],"author":[{"embeddable":true,"href":"https:\/\/waveofyoga.com\/en\/wp-json\/wp\/v2\/users\/1"}],"replies":[{"embeddable":true,"href":"https:\/\/waveofyoga.com\/en\/wp-json\/wp\/v2\/comments?post=667"}],"version-history":[{"count":31,"href":"https:\/\/waveofyoga.com\/en\/wp-json\/wp\/v2\/pages\/667\/revisions"}],"predecessor-version":[{"id":722,"href":"https:\/\/waveofyoga.com\/en\/wp-json\/wp\/v2\/pages\/667\/revisions\/722"}],"wp:attachment":[{"href":"https:\/\/waveofyoga.com\/en\/wp-json\/wp\/v2\/media?parent=667"}],"curies":[{"name":"wp","href":"https:\/\/api.w.org\/{rel}","templated":true}]}}