{"id":447,"date":"2025-07-31T14:07:42","date_gmt":"2025-07-31T12:07:42","guid":{"rendered":"https:\/\/waveofyoga.com\/?page_id=447"},"modified":"2025-07-31T16:27:51","modified_gmt":"2025-07-31T14:27:51","slug":"panier","status":"publish","type":"page","link":"https:\/\/waveofyoga.com\/en\/panier\/","title":{"rendered":"Panier"},"content":{"rendered":"<div data-elementor-type=\"wp-page\" data-elementor-id=\"447\" class=\"elementor elementor-447\" data-elementor-post-type=\"page\">\n\t\t\t\t<div class=\"elementor-element elementor-element-ab2361e e-flex e-con-boxed e-con e-parent\" data-id=\"ab2361e\" data-element_type=\"container\" data-e-type=\"container\">\n\t\t\t\t\t<div class=\"e-con-inner\">\n\t\t\t\t<div class=\"elementor-element elementor-element-19636a5 elementor-widget elementor-widget-heading\" data-id=\"19636a5\" data-element_type=\"widget\" data-e-type=\"widget\" data-widget_type=\"heading.default\">\n\t\t\t\t<div class=\"elementor-widget-container\">\n\t\t\t\t\t<h2 class=\"elementor-heading-title elementor-size-default\">Your Selection Summary<\/h2>\t\t\t\t<\/div>\n\t\t\t\t<\/div>\n\t\t\t\t\t<\/div>\n\t\t\t\t<\/div>\n\t\t<div class=\"elementor-element elementor-element-4f7a47a e-flex e-con-boxed e-con e-parent\" data-id=\"4f7a47a\" data-element_type=\"container\" data-e-type=\"container\">\n\t\t\t\t\t<div class=\"e-con-inner\">\n\t\t\t\t\t<\/div>\n\t\t\t\t<\/div>\n\t\t\t\t<\/div>","protected":false},"excerpt":{"rendered":"<p>R\u00e9sum\u00e9 de vos envies Supprimer l\u2019\u00e9l\u00e9ment Miniature Produit Prix Quantit\u00e9 Sous-total &times; Cours de Yoga Vinyasa \u00e0 Biarritz Veuillez s\u00e9lectionner une date: 6 ao\u00fbt 2025 Je souhaite louer un tapis (+2\u202f\u20ac): vrai (+2,00&nbsp;&euro;) 17&nbsp;&euro; quantit\u00e9 de Cours de Yoga Vinyasa \u00e0 Biarritz 17&nbsp;&euro; &times; Cours de Yoga Vinyasa \u00e0 Biarritz Veuillez s\u00e9lectionner une date: 13 [&hellip;]<\/p>\n","protected":false},"author":1,"featured_media":0,"parent":0,"menu_order":0,"comment_status":"closed","ping_status":"closed","template":"","meta":{"footnotes":""},"class_list":["post-447","page","type-page","status-publish","hentry"],"yoast_head":"<!-- This site is optimized with the Yoast SEO plugin v27.4 - https:\/\/yoast.com\/product\/yoast-seo-wordpress\/ -->\n<title>Panier - Wave of Yoga Biarritz<\/title>\n<meta name=\"robots\" content=\"index, follow, max-snippet:-1, max-image-preview:large, max-video-preview:-1\" \/>\n<link rel=\"canonical\" href=\"https:\/\/waveofyoga.com\/en\/panier\/\" \/>\n<meta property=\"og:locale\" content=\"en_US\" \/>\n<meta property=\"og:type\" content=\"article\" \/>\n<meta property=\"og:title\" content=\"Panier - Wave of Yoga Biarritz\" \/>\n<meta property=\"og:description\" content=\"R\u00e9sum\u00e9 de vos envies Supprimer l\u2019\u00e9l\u00e9ment Miniature Produit Prix Quantit\u00e9 Sous-total &times; Cours de Yoga Vinyasa \u00e0 Biarritz Veuillez s\u00e9lectionner une date: 6 ao\u00fbt 2025 Je souhaite louer un tapis (+2\u202f\u20ac): vrai (+2,00&nbsp;&euro;) 17&nbsp;&euro; quantit\u00e9 de Cours de Yoga Vinyasa \u00e0 Biarritz 17&nbsp;&euro; &times; Cours de Yoga Vinyasa \u00e0 Biarritz Veuillez s\u00e9lectionner une date: 13 [&hellip;]\" \/>\n<meta property=\"og:url\" content=\"https:\/\/waveofyoga.com\/en\/panier\/\" \/>\n<meta property=\"og:site_name\" content=\"Wave of Yoga Biarritz\" \/>\n<meta property=\"article:modified_time\" content=\"2025-07-31T14:27:51+00:00\" \/>\n<meta property=\"og:image\" content=\"https:\/\/waveofyoga.com\/wp-content\/uploads\/2025\/06\/yoga-12-sur-47-min-scaled-300x300.jpg\" \/>\n<meta name=\"twitter:card\" content=\"summary_large_image\" \/>\n<meta name=\"twitter:label1\" content=\"Est. reading time\" \/>\n\t<meta name=\"twitter:data1\" content=\"1 minute\" \/>\n<script type=\"application\/ld+json\" class=\"yoast-schema-graph\">{\"@context\":\"https:\\\/\\\/schema.org\",\"@graph\":[{\"@type\":\"WebPage\",\"@id\":\"https:\\\/\\\/waveofyoga.com\\\/panier\\\/\",\"url\":\"https:\\\/\\\/waveofyoga.com\\\/panier\\\/\",\"name\":\"Panier - Wave of Yoga Biarritz\",\"isPartOf\":{\"@id\":\"https:\\\/\\\/waveofyoga.com\\\/#website\"},\"primaryImageOfPage\":{\"@id\":\"https:\\\/\\\/waveofyoga.com\\\/panier\\\/#primaryimage\"},\"image\":{\"@id\":\"https:\\\/\\\/waveofyoga.com\\\/panier\\\/#primaryimage\"},\"thumbnailUrl\":\"https:\\\/\\\/waveofyoga.com\\\/wp-content\\\/uploads\\\/2025\\\/06\\\/yoga-12-sur-47-min-scaled-300x300.jpg\",\"datePublished\":\"2025-07-31T12:07:42+00:00\",\"dateModified\":\"2025-07-31T14:27:51+00:00\",\"breadcrumb\":{\"@id\":\"https:\\\/\\\/waveofyoga.com\\\/panier\\\/#breadcrumb\"},\"inLanguage\":\"en-US\",\"potentialAction\":[{\"@type\":\"ReadAction\",\"target\":[\"https:\\\/\\\/waveofyoga.com\\\/panier\\\/\"]}]},{\"@type\":\"ImageObject\",\"inLanguage\":\"en-US\",\"@id\":\"https:\\\/\\\/waveofyoga.com\\\/panier\\\/#primaryimage\",\"url\":\"https:\\\/\\\/waveofyoga.com\\\/wp-content\\\/uploads\\\/2025\\\/06\\\/yoga-12-sur-47-min-scaled-300x300.jpg\",\"contentUrl\":\"https:\\\/\\\/waveofyoga.com\\\/wp-content\\\/uploads\\\/2025\\\/06\\\/yoga-12-sur-47-min-scaled-300x300.jpg\"},{\"@type\":\"BreadcrumbList\",\"@id\":\"https:\\\/\\\/waveofyoga.com\\\/panier\\\/#breadcrumb\",\"itemListElement\":[{\"@type\":\"ListItem\",\"position\":1,\"name\":\"Accueil\",\"item\":\"https:\\\/\\\/waveofyoga.com\\\/\"},{\"@type\":\"ListItem\",\"position\":2,\"name\":\"Panier\"}]},{\"@type\":\"WebSite\",\"@id\":\"https:\\\/\\\/waveofyoga.com\\\/#website\",\"url\":\"https:\\\/\\\/waveofyoga.com\\\/\",\"name\":\"Wave of Yoga Biarritz\",\"description\":\"Cours de yoga \u00e0 Biarritz | Caroline Romero Cortell\",\"publisher\":{\"@id\":\"https:\\\/\\\/waveofyoga.com\\\/#organization\"},\"potentialAction\":[{\"@type\":\"SearchAction\",\"target\":{\"@type\":\"EntryPoint\",\"urlTemplate\":\"https:\\\/\\\/waveofyoga.com\\\/?s={search_term_string}\"},\"query-input\":{\"@type\":\"PropertyValueSpecification\",\"valueRequired\":true,\"valueName\":\"search_term_string\"}}],\"inLanguage\":\"en-US\"},{\"@type\":\"Organization\",\"@id\":\"https:\\\/\\\/waveofyoga.com\\\/#organization\",\"name\":\"Wave of Yoga Biarritz\",\"url\":\"https:\\\/\\\/waveofyoga.com\\\/\",\"logo\":{\"@type\":\"ImageObject\",\"inLanguage\":\"en-US\",\"@id\":\"https:\\\/\\\/waveofyoga.com\\\/#\\\/schema\\\/logo\\\/image\\\/\",\"url\":\"https:\\\/\\\/waveofyoga.com\\\/wp-content\\\/uploads\\\/2025\\\/06\\\/WOY-Logo-Complet.png\",\"contentUrl\":\"https:\\\/\\\/waveofyoga.com\\\/wp-content\\\/uploads\\\/2025\\\/06\\\/WOY-Logo-Complet.png\",\"width\":1419,\"height\":455,\"caption\":\"Wave of Yoga Biarritz\"},\"image\":{\"@id\":\"https:\\\/\\\/waveofyoga.com\\\/#\\\/schema\\\/logo\\\/image\\\/\"},\"sameAs\":[\"https:\\\/\\\/www.instagram.com\\\/carolineromerocortell\\\/\"]}]}<\/script>\n<!-- \/ Yoast SEO plugin. -->","yoast_head_json":{"title":"Panier - Wave of Yoga Biarritz","robots":{"index":"index","follow":"follow","max-snippet":"max-snippet:-1","max-image-preview":"max-image-preview:large","max-video-preview":"max-video-preview:-1"},"canonical":"https:\/\/waveofyoga.com\/en\/panier\/","og_locale":"en_US","og_type":"article","og_title":"Panier - Wave of Yoga Biarritz","og_description":"R\u00e9sum\u00e9 de vos envies Supprimer l\u2019\u00e9l\u00e9ment Miniature Produit Prix Quantit\u00e9 Sous-total &times; Cours de Yoga Vinyasa \u00e0 Biarritz Veuillez s\u00e9lectionner une date: 6 ao\u00fbt 2025 Je souhaite louer un tapis (+2\u202f\u20ac): vrai (+2,00&nbsp;&euro;) 17&nbsp;&euro; quantit\u00e9 de Cours de Yoga Vinyasa \u00e0 Biarritz 17&nbsp;&euro; &times; Cours de Yoga Vinyasa \u00e0 Biarritz Veuillez s\u00e9lectionner une date: 13 [&hellip;]","og_url":"https:\/\/waveofyoga.com\/en\/panier\/","og_site_name":"Wave of Yoga Biarritz","article_modified_time":"2025-07-31T14:27:51+00:00","og_image":[{"url":"https:\/\/waveofyoga.com\/wp-content\/uploads\/2025\/06\/yoga-12-sur-47-min-scaled-300x300.jpg","type":"","width":"","height":""}],"twitter_card":"summary_large_image","twitter_misc":{"Est. reading time":"1 minute"},"schema":{"@context":"https:\/\/schema.org","@graph":[{"@type":"WebPage","@id":"https:\/\/waveofyoga.com\/panier\/","url":"https:\/\/waveofyoga.com\/panier\/","name":"Panier - Wave of Yoga Biarritz","isPartOf":{"@id":"https:\/\/waveofyoga.com\/#website"},"primaryImageOfPage":{"@id":"https:\/\/waveofyoga.com\/panier\/#primaryimage"},"image":{"@id":"https:\/\/waveofyoga.com\/panier\/#primaryimage"},"thumbnailUrl":"https:\/\/waveofyoga.com\/wp-content\/uploads\/2025\/06\/yoga-12-sur-47-min-scaled-300x300.jpg","datePublished":"2025-07-31T12:07:42+00:00","dateModified":"2025-07-31T14:27:51+00:00","breadcrumb":{"@id":"https:\/\/waveofyoga.com\/panier\/#breadcrumb"},"inLanguage":"en-US","potentialAction":[{"@type":"ReadAction","target":["https:\/\/waveofyoga.com\/panier\/"]}]},{"@type":"ImageObject","inLanguage":"en-US","@id":"https:\/\/waveofyoga.com\/panier\/#primaryimage","url":"https:\/\/waveofyoga.com\/wp-content\/uploads\/2025\/06\/yoga-12-sur-47-min-scaled-300x300.jpg","contentUrl":"https:\/\/waveofyoga.com\/wp-content\/uploads\/2025\/06\/yoga-12-sur-47-min-scaled-300x300.jpg"},{"@type":"BreadcrumbList","@id":"https:\/\/waveofyoga.com\/panier\/#breadcrumb","itemListElement":[{"@type":"ListItem","position":1,"name":"Accueil","item":"https:\/\/waveofyoga.com\/"},{"@type":"ListItem","position":2,"name":"Panier"}]},{"@type":"WebSite","@id":"https:\/\/waveofyoga.com\/#website","url":"https:\/\/waveofyoga.com\/","name":"Wave of Yoga Biarritz","description":"Cours de yoga \u00e0 Biarritz | Caroline Romero Cortell","publisher":{"@id":"https:\/\/waveofyoga.com\/#organization"},"potentialAction":[{"@type":"SearchAction","target":{"@type":"EntryPoint","urlTemplate":"https:\/\/waveofyoga.com\/?s={search_term_string}"},"query-input":{"@type":"PropertyValueSpecification","valueRequired":true,"valueName":"search_term_string"}}],"inLanguage":"en-US"},{"@type":"Organization","@id":"https:\/\/waveofyoga.com\/#organization","name":"Wave of Yoga Biarritz","url":"https:\/\/waveofyoga.com\/","logo":{"@type":"ImageObject","inLanguage":"en-US","@id":"https:\/\/waveofyoga.com\/#\/schema\/logo\/image\/","url":"https:\/\/waveofyoga.com\/wp-content\/uploads\/2025\/06\/WOY-Logo-Complet.png","contentUrl":"https:\/\/waveofyoga.com\/wp-content\/uploads\/2025\/06\/WOY-Logo-Complet.png","width":1419,"height":455,"caption":"Wave of Yoga Biarritz"},"image":{"@id":"https:\/\/waveofyoga.com\/#\/schema\/logo\/image\/"},"sameAs":["https:\/\/www.instagram.com\/carolineromerocortell\/"]}]}},"_links":{"self":[{"href":"https:\/\/waveofyoga.com\/en\/wp-json\/wp\/v2\/pages\/447","targetHints":{"allow":["GET"]}}],"collection":[{"href":"https:\/\/waveofyoga.com\/en\/wp-json\/wp\/v2\/pages"}],"about":[{"href":"https:\/\/waveofyoga.com\/en\/wp-json\/wp\/v2\/types\/page"}],"author":[{"embeddable":true,"href":"https:\/\/waveofyoga.com\/en\/wp-json\/wp\/v2\/users\/1"}],"replies":[{"embeddable":true,"href":"https:\/\/waveofyoga.com\/en\/wp-json\/wp\/v2\/comments?post=447"}],"version-history":[{"count":34,"href":"https:\/\/waveofyoga.com\/en\/wp-json\/wp\/v2\/pages\/447\/revisions"}],"predecessor-version":[{"id":550,"href":"https:\/\/waveofyoga.com\/en\/wp-json\/wp\/v2\/pages\/447\/revisions\/550"}],"wp:attachment":[{"href":"https:\/\/waveofyoga.com\/en\/wp-json\/wp\/v2\/media?parent=447"}],"curies":[{"name":"wp","href":"https:\/\/api.w.org\/{rel}","templated":true}]}}