{"id":3,"date":"2025-03-04T15:35:36","date_gmt":"2025-03-04T14:35:36","guid":{"rendered":"http:\/\/waveofyoga.com\/?page_id=3"},"modified":"2026-02-09T19:47:04","modified_gmt":"2026-02-09T18:47:04","slug":"politique-de-confidentialite","status":"publish","type":"page","link":"https:\/\/waveofyoga.com\/en\/politique-de-confidentialite\/","title":{"rendered":"Politique de confidentialit\u00e9"},"content":{"rendered":"<div data-elementor-type=\"wp-page\" data-elementor-id=\"3\" class=\"elementor elementor-3\" data-elementor-post-type=\"page\">\n\t\t\t\t<div class=\"elementor-element elementor-element-1a1b9c3 e-flex e-con-boxed e-con e-parent\" data-id=\"1a1b9c3\" data-element_type=\"container\" data-e-type=\"container\">\n\t\t\t\t\t<div class=\"e-con-inner\">\n\t\t\t\t<div class=\"elementor-element elementor-element-ac88973 elementor-widget elementor-widget-heading\" data-id=\"ac88973\" data-element_type=\"widget\" data-e-type=\"widget\" data-widget_type=\"heading.default\">\n\t\t\t\t<div class=\"elementor-widget-container\">\n\t\t\t\t\t<p class=\"elementor-heading-title elementor-size-default\">Legal Notice &amp; Terms and Conditions of Sale<\/p>\t\t\t\t<\/div>\n\t\t\t\t<\/div>\n\t\t<div class=\"elementor-element elementor-element-419c6e8 e-con-full e-flex e-con e-child\" data-id=\"419c6e8\" data-element_type=\"container\" data-e-type=\"container\">\n\t\t\t\t<div class=\"elementor-element elementor-element-613e89f elementor-widget elementor-widget-heading\" data-id=\"613e89f\" data-element_type=\"widget\" data-e-type=\"widget\" data-widget_type=\"heading.default\">\n\t\t\t\t<div class=\"elementor-widget-container\">\n\t\t\t\t\t<p class=\"elementor-heading-title elementor-size-default\">1. Legal Notice<\/p>\t\t\t\t<\/div>\n\t\t\t\t<\/div>\n\t\t\t\t<div class=\"elementor-element elementor-element-a61c87d elementor-widget elementor-widget-text-editor\" data-id=\"a61c87d\" data-element_type=\"widget\" data-e-type=\"widget\" data-widget_type=\"text-editor.default\">\n\t\t\t\t<div class=\"elementor-widget-container\">\n\t\t\t\t\t\t\t\t\t<p data-start=\"174\" data-end=\"476\"><strong data-start=\"174\" data-end=\"193\">Site Publisher<\/strong><br data-start=\"193\" data-end=\"196\" \/>The website www.waveofyoga.com is published by Caroline RomeroCortell, sole proprietor (auto-entrepreneur), registered under SIRET number 849 224 035 00030. <a class=\"\" href=\"https:\/\/waveofyoga.com\/en\/\" target=\"_new\" rel=\"noopener\" data-start=\"204\" data-end=\"222\">www.waveofyoga.com<\/a> est \u00e9dit\u00e9 par Caroline RomeroCortell, auto-entrepreneuse, immatricul\u00e9e sous le num\u00e9ro SIRET 849 224 035 00030.<br data-start=\"333\" data-end=\"336\" \/>Address: 7 Impasse Begue, 64200 Biarritz<br data-start=\"377\" data-end=\"380\" \/>Email: carolineromerocortell@gmail.com <a class=\"cursor-pointer\" rel=\"noopener\" data-start=\"389\" data-end=\"420\">carolineromerocortell@gmail.com<\/a><br data-start=\"420\" data-end=\"423\" \/>Publishing Director: Caroline RomeroCortell<\/p>\n<p data-start=\"478\" data-end=\"675\"><strong data-start=\"478\" data-end=\"493\">Hosting<\/strong><br data-start=\"493\" data-end=\"496\" \/>The site is hosted by OVH<br data-start=\"523\" data-end=\"526\" \/>SAS with a capital of \u20ac10,069,020<br data-start=\"556\" data-end=\"559\" \/>RCS Lille M\u00e9tropole 424 761 419 00045<br data-start=\"596\" data-end=\"599\" \/>Head office: 2 rue Kellermann, 59100 Roubaix \u2013 France<br data-start=\"654\" data-end=\"657\" \/>Site : <a class=\"cursor-pointer\" target=\"_new\" rel=\"noopener\" data-start=\"664\" data-end=\"675\">Website: www.ovh.com<\/a><\/p>\n<p data-start=\"677\" data-end=\"943\"><strong data-start=\"677\" data-end=\"705\">Intellectual Property<\/strong><br data-start=\"705\" data-end=\"708\" \/>All content on this website (texts, images, videos, logo, etc.) is the exclusive property of Caroline RomeroCortell. Any reproduction, representation, or distribution without prior written authorization is strictly prohibited.<\/p>\t\t\t\t\t\t\t\t<\/div>\n\t\t\t\t<\/div>\n\t\t\t\t<div class=\"elementor-element elementor-element-8733184 elementor-widget elementor-widget-heading\" data-id=\"8733184\" data-element_type=\"widget\" data-e-type=\"widget\" data-widget_type=\"heading.default\">\n\t\t\t\t<div class=\"elementor-widget-container\">\n\t\t\t\t\t<p class=\"elementor-heading-title elementor-size-default\">2. Privacy Policy<\/p>\t\t\t\t<\/div>\n\t\t\t\t<\/div>\n\t\t\t\t<div class=\"elementor-element elementor-element-3a8b0c3 elementor-widget elementor-widget-text-editor\" data-id=\"3a8b0c3\" data-element_type=\"widget\" data-e-type=\"widget\" data-widget_type=\"text-editor.default\">\n\t\t\t\t<div class=\"elementor-widget-container\">\n\t\t\t\t\t\t\t\t\t<p data-start=\"993\" data-end=\"1204\"><strong data-start=\"993\" data-end=\"1017\">Data Collection<\/strong><br data-start=\"1017\" data-end=\"1020\" \/>In the context of class bookings, we collect the following data:<br data-start=\"1101\" data-end=\"1104\" \/>\u2022 First and last name<br data-start=\"1119\" data-end=\"1122\" \/>\u2022 Adresse e-mail<br data-start=\"1138\" data-end=\"1141\" \/>\u2022 Phone number<br data-start=\"1162\" data-end=\"1165\" \/>\u2022 Payment information (via Stripe)<\/p>\n<p data-start=\"1206\" data-end=\"1329\">This data is used solely for managing bookings, communicating about classes, and invoicing.<\/p>\n<p data-start=\"1331\" data-end=\"1473\"><strong data-start=\"1331\" data-end=\"1346\">Legal Basis<\/strong><br data-start=\"1346\" data-end=\"1349\" \/>Processing is based on contract performance (booking), and where applicable, on user consent (Google Analytics).<\/p>\n<p data-start=\"1475\" data-end=\"1634\"><strong data-start=\"1475\" data-end=\"1500\">Data Retention<\/strong><br data-start=\"1500\" data-end=\"1503\" \/>Data is retained for 3 years after the last contact or booking, unless otherwise required by law.<\/p>\n<p data-start=\"1636\" data-end=\"1864\"><strong data-start=\"1636\" data-end=\"1664\">Third-Party Disclosure<\/strong><br data-start=\"1664\" data-end=\"1667\" \/>Payment data is processed by Stripe.<br data-start=\"1716\" data-end=\"1719\" \/>Anonymous data is transmitted to Google Analytics for audience measurement purposes.<br data-start=\"1807\" data-end=\"1810\" \/>No other third-party transfers are made.<\/p>\n<p data-start=\"1866\" data-end=\"2001\"><strong data-start=\"1866\" data-end=\"1878\">Security<\/strong><br data-start=\"1878\" data-end=\"1881\" \/>We implement appropriate technical and organizational measures to ensure the security of your data.<\/p>\n<p data-start=\"2003\" data-end=\"2224\"><strong data-start=\"2003\" data-end=\"2030\">User Rights<\/strong><br data-start=\"2030\" data-end=\"2033\" \/>In accordance with GDPR, you may request access, rectification, deletion, or restriction of processing of your data.<br data-start=\"2164\" data-end=\"2167\" \/>To exercise your rights: carolineromerocortell@gmail.com <a class=\"cursor-pointer\" rel=\"noopener\" data-start=\"2193\" data-end=\"2224\">carolineromerocortell@gmail.com<\/a><\/p>\n<p data-start=\"2226\" data-end=\"2382\"><strong data-start=\"2226\" data-end=\"2237\">Cookies<\/strong><br data-start=\"2237\" data-end=\"2240\" \/>The site uses cookies for audience measurement via Google Analytics. You can configure your preferences via your browser settings.<\/p>\t\t\t\t\t\t\t\t<\/div>\n\t\t\t\t<\/div>\n\t\t\t\t<div class=\"elementor-element elementor-element-f943a9e elementor-widget elementor-widget-heading\" data-id=\"f943a9e\" data-element_type=\"widget\" data-e-type=\"widget\" data-widget_type=\"heading.default\">\n\t\t\t\t<div class=\"elementor-widget-container\">\n\t\t\t\t\t<p class=\"elementor-heading-title elementor-size-default\">3. Terms and Conditions of Sale (T&amp;C)<\/p>\t\t\t\t<\/div>\n\t\t\t\t<\/div>\n\t\t\t\t<div class=\"elementor-element elementor-element-56df37e elementor-widget elementor-widget-text-editor\" data-id=\"56df37e\" data-element_type=\"widget\" data-e-type=\"widget\" data-widget_type=\"text-editor.default\">\n\t\t\t\t<div class=\"elementor-widget-container\">\n\t\t\t\t\t\t\t\t\t<p data-start=\"2442\" data-end=\"2456\"><strong>1. Purpose<\/strong><\/p><p data-start=\"2457\" data-end=\"2589\">These terms govern the sale of in-person yoga classes offered by Wave of Yoga through the website www.waveofyoga.com. <a class=\"\" href=\"https:\/\/waveofyoga.com\/en\/\" target=\"_new\" rel=\"noopener\" data-start=\"2570\" data-end=\"2588\">www.waveofyoga.com<\/a>.<\/p><p data-start=\"2591\" data-end=\"2623\"><strong>2. Booking and Payment<\/strong><\/p><p data-start=\"2624\" data-end=\"2889\">Bookings are made online via the site, with secure payment through Stripe.<br data-start=\"2705\" data-end=\"2708\" \/>A class is considered booked once payment is confirmed.<br data-start=\"2774\" data-end=\"2777\" \/>Bookings can be made up to <strong data-start=\"2817\" data-end=\"2847\">1 hour before the class starts<\/strong> (especially for the \u201cmat provided\u201d option).<\/p><p data-start=\"2891\" data-end=\"2922\"><strong>3. Participant Limit<\/strong><\/p><p data-start=\"2923\" data-end=\"3010\">Each class is limited to 15 participants. Beyond this, bookings are no longer accepted.<\/p><p data-start=\"3012\" data-end=\"3027\"><strong>4. Pricing<\/strong><\/p><p data-start=\"3028\" data-end=\"3208\">Prices are shown in euros, including VAT.<br data-start=\"3076\" data-end=\"3079\" \/>Rates may include optional add-ons (e.g., mat rental), clearly indicated during booking.<\/p><p data-start=\"3210\" data-end=\"3245\"><strong>5. Cancellation &amp; Refund<\/strong><\/p><p data-start=\"3246\" data-end=\"3396\"><strong data-start=\"3246\" data-end=\"3274\">Cancellation by the client:<\/strong> :<br data-start=\"3276\" data-end=\"3279\" \/>\u2022 Up to <strong>12h avant<\/strong> before class: full refund.<br data-start=\"3346\" data-end=\"3349\" \/>\u2022 Moins de 12h avant : <strong data-start=\"3372\" data-end=\"3395\">12 hours before: no refund.<\/strong>.<\/p><p data-start=\"3398\" data-end=\"3644\"><strong data-start=\"3398\" data-end=\"3429\">Cancellation by Wave of Yoga:<\/strong> :<br data-start=\"3431\" data-end=\"3434\" \/>\u2022 In case of cancellation (e.g., due to weather), Wave of Yoga reserves the right to cancel up to <strong data-start=\"3534\" data-end=\"3554\">10 minutes before<\/strong> the start of class.<br data-start=\"3573\" data-end=\"3576\" \/>\u2022 In such cases, clients will receive <strong data-start=\"3615\" data-end=\"3643\">a full refund.<\/strong>.<\/p><p data-start=\"315\" data-end=\"345\"><strong data-start=\"315\" data-end=\"345\">6. Health &amp; Liability<\/strong><\/p><p data-start=\"347\" data-end=\"460\">Participation in yoga classes offered by Wave of Yoga is under the full responsibility of the client. <strong data-start=\"424\" data-end=\"459\">pleine responsabilit\u00e9 du client<\/strong>.<\/p><p data-start=\"462\" data-end=\"492\">Each participant confirms that they:<\/p><ul data-start=\"493\" data-end=\"778\"><li data-start=\"493\" data-end=\"595\"><p data-start=\"495\" data-end=\"595\">\u2022 Are in <strong data-start=\"503\" data-end=\"542\">good physical and mental health<\/strong>, fit to practice yoga safely.<\/p><\/li><li data-start=\"596\" data-end=\"672\"><p data-start=\"598\" data-end=\"672\">\u2022 Have no medical<strong data-start=\"612\" data-end=\"649\">contraindication<\/strong> to practicing yoga.<\/p><\/li><li data-start=\"673\" data-end=\"778\"><p data-start=\"675\" data-end=\"778\">Have, if necessary, <strong data-start=\"703\" data-end=\"733\">consulted their physician<\/strong> before beginning or resuming yoga.<\/p><\/li><\/ul><p data-start=\"780\" data-end=\"1051\">Under no circumstances can Wave of Yoga or its legal representative <strong data-start=\"834\" data-end=\"870\">be held liable for<\/strong> any accident, injury, or incident occurring during or after the class, related to health conditions, incorrect posture execution, or participant inattention.<\/p><p data-start=\"1053\" data-end=\"1250\">Each student is encouraged to listen to their body, practice within their limits, and inform the teacher <strong data-start=\"1156\" data-end=\"1172\">in advance<\/strong> of any condition, injury, or concern that could impact their practice.<\/p><p data-start=\"3814\" data-end=\"3839\"><strong>7. Governing Law<\/strong><\/p><p data-start=\"3840\" data-end=\"3983\">These conditions are governed by French law. In the event of a dispute, an amicable solution will be sought before any legal proceedings.<br \/><br \/><\/p><p data-start=\"3814\" data-end=\"3839\"><strong>7. Litige &#8211; M\u00e9diation de la communication<\/strong><\/p><p data-start=\"3840\" data-end=\"3983\">En cas de litige entre le Client et l\u2019entreprise, ceux-ci s\u2019efforceront de le r\u00e9soudre \u00e0 l\u2019amiable (le Client adressera une r\u00e9clamation \u00e9crite aupr\u00e8s du professionnel ou, le cas \u00e9ch\u00e9ant, aupr\u00e8s du Service Relations Client\u00e8le du professionnel).<br \/>A d\u00e9faut d\u2019accord amiable ou en l\u2019absence de r\u00e9ponse du professionnel dans un d\u00e9lai raisonnable d\u2019un (1) mois, le Client consommateur au sens de l\u2019article L.612-2 du code de la consommation a la possibilit\u00e9 de saisir gratuitement, si un d\u00e9saccord subsiste, le m\u00e9diateur comp\u00e9tent inscrit sur la liste des m\u00e9diateurs \u00e9tablie par la Commission d\u2019\u00e9valuation et de contr\u00f4le de la m\u00e9diation de la consommation en application de l\u2019article L.615-1 du code de la consommation, \u00e0 savoir :<br \/>La Soci\u00e9t\u00e9 M\u00e9diation Professionnelle<br \/><a href=\"https:\/\/gijjejf.r.af.d.sendibt2.com\/tr\/cl\/_8_JV_LsTR7oEMOHOJfgPr5RlwA0iz13T9KbnDv3dprzanAvalv6g_PY-30AeO5WLakThW3IQZaHPcjHRBIGSk2CBFqq__CLs7r1_TDAzKBQwXJuCGksM7MqCEA8eG2C1tMSH1wCok-enBApsQ0bLtGBbNluMu5xH6fuhY9Z0FmeMyBnNoCieeGDxq0tYorjtKfHCoLWP9yCMPfjdLG3vqfSU5EcWR_xbLRpGAoHEHSKEKLKtTl1frKh6mFYQC7ZIQXu-ECVHDz8iANd4kU9cLg9Gw_OyeHZG8o_tE1V7Q2OWgeuBjpQA7tK_0Iv0CSetSpPBHx6WMOQgvRIvoKyqgz21LynwbLs5QI0TXpYlca0XWHY-KoDc9iOuYhRv4gDGo-khiSxa24BtZ-qCXbbid3kIBQ7RzjiEFuQl8_iWjGia5_x4_F7QHeAYi_a9xYAVY7FjIG5ohuTR12ENzPcg5f7Q87_jWUJCRFeNUCF6t2wUXfemDmcrltWUyjLWrXhZMNc3DjhjILNZhTb3H4wkTwQo_X1BEHgmsZQw6lqfZTH8Cy7-Q0xAwlkKUzjibRkGTPuqDuJmuhqkJ-2luHOYnxiuBfB3EGtjk8XmrMKCfdjcnY3x8cEJ9GFr5v_Ny630SdAUhCyOdarW0NGM2gN0xbphqJwCgYMHSk817i5NO1ClDeZUd0RHGUEI4qMMXZ7NsjLsP7dXQ0T_saznFWcn7nm7VsEcUqUY1j8DBp2yZhlLPhhJavlZ5o\" target=\"_blank\" rel=\"noopener\" data-saferedirecturl=\"https:\/\/www.google.com\/url?q=https:\/\/gijjejf.r.af.d.sendibt2.com\/tr\/cl\/_8_JV_LsTR7oEMOHOJfgPr5RlwA0iz13T9KbnDv3dprzanAvalv6g_PY-30AeO5WLakThW3IQZaHPcjHRBIGSk2CBFqq__CLs7r1_TDAzKBQwXJuCGksM7MqCEA8eG2C1tMSH1wCok-enBApsQ0bLtGBbNluMu5xH6fuhY9Z0FmeMyBnNoCieeGDxq0tYorjtKfHCoLWP9yCMPfjdLG3vqfSU5EcWR_xbLRpGAoHEHSKEKLKtTl1frKh6mFYQC7ZIQXu-ECVHDz8iANd4kU9cLg9Gw_OyeHZG8o_tE1V7Q2OWgeuBjpQA7tK_0Iv0CSetSpPBHx6WMOQgvRIvoKyqgz21LynwbLs5QI0TXpYlca0XWHY-KoDc9iOuYhRv4gDGo-khiSxa24BtZ-qCXbbid3kIBQ7RzjiEFuQl8_iWjGia5_x4_F7QHeAYi_a9xYAVY7FjIG5ohuTR12ENzPcg5f7Q87_jWUJCRFeNUCF6t2wUXfemDmcrltWUyjLWrXhZMNc3DjhjILNZhTb3H4wkTwQo_X1BEHgmsZQw6lqfZTH8Cy7-Q0xAwlkKUzjibRkGTPuqDuJmuhqkJ-2luHOYnxiuBfB3EGtjk8XmrMKCfdjcnY3x8cEJ9GFr5v_Ny630SdAUhCyOdarW0NGM2gN0xbphqJwCgYMHSk817i5NO1ClDeZUd0RHGUEI4qMMXZ7NsjLsP7dXQ0T_saznFWcn7nm7VsEcUqUY1j8DBp2yZhlLPhhJavlZ5o&amp;source=gmail&amp;ust=1770735522541000&amp;usg=AOvVaw2a8FveSl4CoYP0JPDFHExI\">http:\/\/www.mediateur-<wbr \/>consommation-smp.fr<\/a><br \/>Alteritae 5 rue Salvaing 12000 Rodez<\/p>\t\t\t\t\t\t\t\t<\/div>\n\t\t\t\t<\/div>\n\t\t\t\t<\/div>\n\t\t\t\t\t<\/div>\n\t\t\t\t<\/div>\n\t\t\t\t<\/div>","protected":false},"excerpt":{"rendered":"<p>Mentions L\u00e9gales &amp; Conditions g\u00e9n\u00e9rales de vente 1. Mentions l\u00e9gales \u00c9diteur du siteLe site www.waveofyoga.com est \u00e9dit\u00e9 par Caroline RomeroCortell, auto-entrepreneuse, immatricul\u00e9e sous le num\u00e9ro SIRET 849 224 035 00030.Adresse : 7 Impasse Begue, 64200 BiarritzE-mail : carolineromerocortell@gmail.comDirectrice de la publication : Caroline RomeroCortell H\u00e9bergementLe site est h\u00e9berg\u00e9 par OVHSAS au capital de 10 069 [&hellip;]<\/p>\n","protected":false},"author":1,"featured_media":0,"parent":0,"menu_order":0,"comment_status":"closed","ping_status":"open","template":"","meta":{"footnotes":""},"class_list":["post-3","page","type-page","status-publish","hentry"],"yoast_head":"<!-- This site is optimized with the Yoast SEO plugin v27.4 - https:\/\/yoast.com\/product\/yoast-seo-wordpress\/ -->\n<title>Politique de confidentialit\u00e9 - Wave of Yoga Biarritz<\/title>\n<meta name=\"robots\" content=\"index, follow, max-snippet:-1, max-image-preview:large, max-video-preview:-1\" \/>\n<link rel=\"canonical\" href=\"https:\/\/waveofyoga.com\/en\/politique-de-confidentialite\/\" \/>\n<meta property=\"og:locale\" content=\"en_US\" \/>\n<meta property=\"og:type\" content=\"article\" \/>\n<meta property=\"og:title\" content=\"Politique de confidentialit\u00e9 - Wave of Yoga Biarritz\" \/>\n<meta property=\"og:description\" content=\"Mentions L\u00e9gales &amp; Conditions g\u00e9n\u00e9rales de vente 1. Mentions l\u00e9gales \u00c9diteur du siteLe site www.waveofyoga.com est \u00e9dit\u00e9 par Caroline RomeroCortell, auto-entrepreneuse, immatricul\u00e9e sous le num\u00e9ro SIRET 849 224 035 00030.Adresse : 7 Impasse Begue, 64200 BiarritzE-mail : carolineromerocortell@gmail.comDirectrice de la publication : Caroline RomeroCortell H\u00e9bergementLe site est h\u00e9berg\u00e9 par OVHSAS au capital de 10 069 [&hellip;]\" \/>\n<meta property=\"og:url\" content=\"https:\/\/waveofyoga.com\/en\/politique-de-confidentialite\/\" \/>\n<meta property=\"og:site_name\" content=\"Wave of Yoga Biarritz\" \/>\n<meta property=\"article:modified_time\" content=\"2026-02-09T18:47:04+00:00\" \/>\n<meta name=\"twitter:card\" content=\"summary_large_image\" \/>\n<meta name=\"twitter:label1\" content=\"Est. reading time\" \/>\n\t<meta name=\"twitter:data1\" content=\"5 minutes\" \/>\n<script type=\"application\/ld+json\" class=\"yoast-schema-graph\">{\"@context\":\"https:\\\/\\\/schema.org\",\"@graph\":[{\"@type\":\"WebPage\",\"@id\":\"https:\\\/\\\/waveofyoga.com\\\/politique-de-confidentialite\\\/\",\"url\":\"https:\\\/\\\/waveofyoga.com\\\/politique-de-confidentialite\\\/\",\"name\":\"Politique de confidentialit\u00e9 - Wave of Yoga Biarritz\",\"isPartOf\":{\"@id\":\"https:\\\/\\\/waveofyoga.com\\\/#website\"},\"datePublished\":\"2025-03-04T14:35:36+00:00\",\"dateModified\":\"2026-02-09T18:47:04+00:00\",\"breadcrumb\":{\"@id\":\"https:\\\/\\\/waveofyoga.com\\\/politique-de-confidentialite\\\/#breadcrumb\"},\"inLanguage\":\"en-US\",\"potentialAction\":[{\"@type\":\"ReadAction\",\"target\":[\"https:\\\/\\\/waveofyoga.com\\\/politique-de-confidentialite\\\/\"]}]},{\"@type\":\"BreadcrumbList\",\"@id\":\"https:\\\/\\\/waveofyoga.com\\\/politique-de-confidentialite\\\/#breadcrumb\",\"itemListElement\":[{\"@type\":\"ListItem\",\"position\":1,\"name\":\"Accueil\",\"item\":\"https:\\\/\\\/waveofyoga.com\\\/\"},{\"@type\":\"ListItem\",\"position\":2,\"name\":\"Politique de confidentialit\u00e9\"}]},{\"@type\":\"WebSite\",\"@id\":\"https:\\\/\\\/waveofyoga.com\\\/#website\",\"url\":\"https:\\\/\\\/waveofyoga.com\\\/\",\"name\":\"Wave of Yoga Biarritz\",\"description\":\"Cours de yoga \u00e0 Biarritz | Caroline Romero Cortell\",\"publisher\":{\"@id\":\"https:\\\/\\\/waveofyoga.com\\\/#organization\"},\"potentialAction\":[{\"@type\":\"SearchAction\",\"target\":{\"@type\":\"EntryPoint\",\"urlTemplate\":\"https:\\\/\\\/waveofyoga.com\\\/?s={search_term_string}\"},\"query-input\":{\"@type\":\"PropertyValueSpecification\",\"valueRequired\":true,\"valueName\":\"search_term_string\"}}],\"inLanguage\":\"en-US\"},{\"@type\":\"Organization\",\"@id\":\"https:\\\/\\\/waveofyoga.com\\\/#organization\",\"name\":\"Wave of Yoga Biarritz\",\"url\":\"https:\\\/\\\/waveofyoga.com\\\/\",\"logo\":{\"@type\":\"ImageObject\",\"inLanguage\":\"en-US\",\"@id\":\"https:\\\/\\\/waveofyoga.com\\\/#\\\/schema\\\/logo\\\/image\\\/\",\"url\":\"https:\\\/\\\/waveofyoga.com\\\/wp-content\\\/uploads\\\/2025\\\/06\\\/WOY-Logo-Complet.png\",\"contentUrl\":\"https:\\\/\\\/waveofyoga.com\\\/wp-content\\\/uploads\\\/2025\\\/06\\\/WOY-Logo-Complet.png\",\"width\":1419,\"height\":455,\"caption\":\"Wave of Yoga Biarritz\"},\"image\":{\"@id\":\"https:\\\/\\\/waveofyoga.com\\\/#\\\/schema\\\/logo\\\/image\\\/\"},\"sameAs\":[\"https:\\\/\\\/www.instagram.com\\\/carolineromerocortell\\\/\"]}]}<\/script>\n<!-- \/ Yoast SEO plugin. -->","yoast_head_json":{"title":"Politique de confidentialit\u00e9 - Wave of Yoga Biarritz","robots":{"index":"index","follow":"follow","max-snippet":"max-snippet:-1","max-image-preview":"max-image-preview:large","max-video-preview":"max-video-preview:-1"},"canonical":"https:\/\/waveofyoga.com\/en\/politique-de-confidentialite\/","og_locale":"en_US","og_type":"article","og_title":"Politique de confidentialit\u00e9 - Wave of Yoga Biarritz","og_description":"Mentions L\u00e9gales &amp; Conditions g\u00e9n\u00e9rales de vente 1. Mentions l\u00e9gales \u00c9diteur du siteLe site www.waveofyoga.com est \u00e9dit\u00e9 par Caroline RomeroCortell, auto-entrepreneuse, immatricul\u00e9e sous le num\u00e9ro SIRET 849 224 035 00030.Adresse : 7 Impasse Begue, 64200 BiarritzE-mail : carolineromerocortell@gmail.comDirectrice de la publication : Caroline RomeroCortell H\u00e9bergementLe site est h\u00e9berg\u00e9 par OVHSAS au capital de 10 069 [&hellip;]","og_url":"https:\/\/waveofyoga.com\/en\/politique-de-confidentialite\/","og_site_name":"Wave of Yoga Biarritz","article_modified_time":"2026-02-09T18:47:04+00:00","twitter_card":"summary_large_image","twitter_misc":{"Est. reading time":"5 minutes"},"schema":{"@context":"https:\/\/schema.org","@graph":[{"@type":"WebPage","@id":"https:\/\/waveofyoga.com\/politique-de-confidentialite\/","url":"https:\/\/waveofyoga.com\/politique-de-confidentialite\/","name":"Politique de confidentialit\u00e9 - Wave of Yoga Biarritz","isPartOf":{"@id":"https:\/\/waveofyoga.com\/#website"},"datePublished":"2025-03-04T14:35:36+00:00","dateModified":"2026-02-09T18:47:04+00:00","breadcrumb":{"@id":"https:\/\/waveofyoga.com\/politique-de-confidentialite\/#breadcrumb"},"inLanguage":"en-US","potentialAction":[{"@type":"ReadAction","target":["https:\/\/waveofyoga.com\/politique-de-confidentialite\/"]}]},{"@type":"BreadcrumbList","@id":"https:\/\/waveofyoga.com\/politique-de-confidentialite\/#breadcrumb","itemListElement":[{"@type":"ListItem","position":1,"name":"Accueil","item":"https:\/\/waveofyoga.com\/"},{"@type":"ListItem","position":2,"name":"Politique de confidentialit\u00e9"}]},{"@type":"WebSite","@id":"https:\/\/waveofyoga.com\/#website","url":"https:\/\/waveofyoga.com\/","name":"Wave of Yoga Biarritz","description":"Cours de yoga \u00e0 Biarritz | Caroline Romero Cortell","publisher":{"@id":"https:\/\/waveofyoga.com\/#organization"},"potentialAction":[{"@type":"SearchAction","target":{"@type":"EntryPoint","urlTemplate":"https:\/\/waveofyoga.com\/?s={search_term_string}"},"query-input":{"@type":"PropertyValueSpecification","valueRequired":true,"valueName":"search_term_string"}}],"inLanguage":"en-US"},{"@type":"Organization","@id":"https:\/\/waveofyoga.com\/#organization","name":"Wave of Yoga Biarritz","url":"https:\/\/waveofyoga.com\/","logo":{"@type":"ImageObject","inLanguage":"en-US","@id":"https:\/\/waveofyoga.com\/#\/schema\/logo\/image\/","url":"https:\/\/waveofyoga.com\/wp-content\/uploads\/2025\/06\/WOY-Logo-Complet.png","contentUrl":"https:\/\/waveofyoga.com\/wp-content\/uploads\/2025\/06\/WOY-Logo-Complet.png","width":1419,"height":455,"caption":"Wave of Yoga Biarritz"},"image":{"@id":"https:\/\/waveofyoga.com\/#\/schema\/logo\/image\/"},"sameAs":["https:\/\/www.instagram.com\/carolineromerocortell\/"]}]}},"_links":{"self":[{"href":"https:\/\/waveofyoga.com\/en\/wp-json\/wp\/v2\/pages\/3","targetHints":{"allow":["GET"]}}],"collection":[{"href":"https:\/\/waveofyoga.com\/en\/wp-json\/wp\/v2\/pages"}],"about":[{"href":"https:\/\/waveofyoga.com\/en\/wp-json\/wp\/v2\/types\/page"}],"author":[{"embeddable":true,"href":"https:\/\/waveofyoga.com\/en\/wp-json\/wp\/v2\/users\/1"}],"replies":[{"embeddable":true,"href":"https:\/\/waveofyoga.com\/en\/wp-json\/wp\/v2\/comments?post=3"}],"version-history":[{"count":12,"href":"https:\/\/waveofyoga.com\/en\/wp-json\/wp\/v2\/pages\/3\/revisions"}],"predecessor-version":[{"id":657,"href":"https:\/\/waveofyoga.com\/en\/wp-json\/wp\/v2\/pages\/3\/revisions\/657"}],"wp:attachment":[{"href":"https:\/\/waveofyoga.com\/en\/wp-json\/wp\/v2\/media?parent=3"}],"curies":[{"name":"wp","href":"https:\/\/api.w.org\/{rel}","templated":true}]}}